{"id":602,"date":"2017-11-12T16:13:48","date_gmt":"2017-11-12T15:13:48","guid":{"rendered":"http:\/\/hypernietzsche.org\/nietzsche-news\/"},"modified":"2018-06-25T12:37:15","modified_gmt":"2018-06-25T10:37:15","slug":"news","status":"publish","type":"page","link":"https:\/\/www.hypernietzsche.org\/pt-pt\/news\/","title":{"rendered":"Nietzsche News"},"content":{"rendered":"<p>O\u00a0<a href=\"http:\/\/www.nietzsche-news.org\" target=\"_blank\" rel=\"noopener\">Nietzsche News Center<\/a><span lang=\"PT\">\u00a0Nietzsche News Center \u00e9 um s\u00edtio de not\u00edcias respeitantes \u00e0 actualidade da investiga\u00e7\u00e3o sobre Nietzsche em todo o mundo\u2014 publica\u00e7\u00f5es, col\u00f3quios, confer\u00eancias, semin\u00e1rios, eventos\u2014, e est\u00e1 aberto \u00e0 contribui\u00e7\u00e3o de todos os investigadores. As not\u00edcias podem ser enviadas em diferentes l\u00ednguas (alem\u00e3o, ingl\u00eas, espanhol, franc\u00eas, italiano, portugu\u00eas), e s\u00e3o publicadas depois de serem revistas por um conselho editoral composto por Paolo D\u2019Iorio, Armin Schwehr, Yannick Souladi\u00e9, Ana Zelin (anteriormente, Pietro Gori, Johan Grzelczyk, Mattia Riccardi, Paolo Stellino, Salvatore Viola). Todos os meses, \u00e9 enviada uma newsletter com uma selec\u00e7\u00e3o de not\u00edcias aos seus cerca de 800 subscritores.<\/span><\/p>\n<p><a href=\"http:\/\/www.nietzsche-news.org\" target=\"_blank\" rel=\"noopener\">www.nietzsche-news.org<\/a><\/p>\n","protected":false},"excerpt":{"rendered":"<p>O\u00a0Nietzsche News Center\u00a0Nietzsche News Center \u00e9 um s\u00edtio de not\u00edcias respeitantes \u00e0 actualidade da investiga\u00e7\u00e3o sobre Nietzsche em todo o mundo\u2014 publica\u00e7\u00f5es, col\u00f3quios, confer\u00eancias, semin\u00e1rios, eventos\u2014, e est\u00e1 aberto \u00e0 contribui\u00e7\u00e3o de todos os investigadores. As not\u00edcias podem ser enviadas em diferentes l\u00ednguas (alem\u00e3o, ingl\u00eas, espanhol, franc\u00eas, italiano, portugu\u00eas), e s\u00e3o publicadas depois de serem&#8230;<\/p>\n","protected":false},"author":1,"featured_media":928,"parent":0,"menu_order":0,"comment_status":"closed","ping_status":"closed","template":"page-sidebar.php","meta":{"_acf_changed":false,"footnotes":""},"class_list":["post-602","page","type-page","status-publish","has-post-thumbnail","hentry"],"acf":[],"_links":{"self":[{"href":"https:\/\/www.hypernietzsche.org\/pt-pt\/wp-json\/wp\/v2\/pages\/602","targetHints":{"allow":["GET"]}}],"collection":[{"href":"https:\/\/www.hypernietzsche.org\/pt-pt\/wp-json\/wp\/v2\/pages"}],"about":[{"href":"https:\/\/www.hypernietzsche.org\/pt-pt\/wp-json\/wp\/v2\/types\/page"}],"author":[{"embeddable":true,"href":"https:\/\/www.hypernietzsche.org\/pt-pt\/wp-json\/wp\/v2\/users\/1"}],"replies":[{"embeddable":true,"href":"https:\/\/www.hypernietzsche.org\/pt-pt\/wp-json\/wp\/v2\/comments?post=602"}],"version-history":[{"count":7,"href":"https:\/\/www.hypernietzsche.org\/pt-pt\/wp-json\/wp\/v2\/pages\/602\/revisions"}],"predecessor-version":[{"id":2585,"href":"https:\/\/www.hypernietzsche.org\/pt-pt\/wp-json\/wp\/v2\/pages\/602\/revisions\/2585"}],"wp:featuredmedia":[{"embeddable":true,"href":"https:\/\/www.hypernietzsche.org\/pt-pt\/wp-json\/wp\/v2\/media\/928"}],"wp:attachment":[{"href":"https:\/\/www.hypernietzsche.org\/pt-pt\/wp-json\/wp\/v2\/media?parent=602"}],"curies":[{"name":"wp","href":"https:\/\/api.w.org\/{rel}","templated":true}]}}