{"id":594,"date":"2017-11-12T16:06:27","date_gmt":"2017-11-12T15:06:27","guid":{"rendered":"http:\/\/hypernietzsche.org\/nietzsche-source\/"},"modified":"2018-07-25T12:43:18","modified_gmt":"2018-07-25T10:43:18","slug":"nietzsche-source","status":"publish","type":"page","link":"https:\/\/www.hypernietzsche.org\/pt-pt\/nietzsche-source\/","title":{"rendered":"Nietzsche Source"},"content":{"rendered":"<p><span lang=\"PT\">O Nietzsche Source \u00e9 um s\u00edtio da web consagrado \u00e0 publica\u00e7\u00e3o de fontes prim\u00e1rias e secund\u00e1rias que digam respeito \u00e0 obra de Nietzsche<\/span>.<\/p>\n<p><span lang=\"PT\">Neste momento, o s\u00edtio publica duas edi\u00e7\u00f5es eruditas\u00a0: a <\/span> <a href=\"http:\/\/www.nietzschesource.org\/DFGA\/\" target=\"_blank\" rel=\"noopener\"><em>Digitale Faksimile Gesamtausgabe<\/em><\/a> (DFGA) em colabora\u00e7\u00e3o com a <a href=\"http:\/\/www.klassik-stiftung.de\/forschung\/digitale-dokumente\/digitalisierte-bestaende\/nachlass-friedrich-nietzsche-dfga\/\" target=\"_blank\" rel=\"noopener\">Klassik Stiftung Weimar<\/a>,\u00a0<span lang=\"PT\">reprodu\u00e7\u00e3o fac-similada de todos os manuscritos de Nietzsche, e a <\/span> <a href=\"http:\/\/www.nietzschesource.org\/eKGWB\/\" target=\"_blank\" rel=\"noopener\"><em>Digitale Kritische Gesamtausgabe Werke und Briefe<\/em><\/a> (eKGWB), <span lang=\"PT\">edi\u00e7\u00e3o digital das obras completas e da correspond\u00eancia com base no texto cr\u00edtico estabelecido por G. Colli e M. Montinari. O s\u00edtio publica tamb\u00e9m uma revista internacional e multilingue de estudos cr\u00edticos\u00a0: <\/span> <a href=\"http:\/\/www.nietzschesource.org\/SN\" target=\"_blank\" rel=\"noopener\"><em>Studia Nietzscheana<\/em><\/a>.<\/p>\n<p><span lang=\"PT\">O Nietzsche Source \u00e9 consultado, em m\u00e9dia, 100 000 vezes por ano, por leitores de mais de cem pa\u00edses diferentes<\/span>.<\/p>\n<p><a href=\"http:\/\/www.nietzschesource.org\/\" target=\"_blank\" rel=\"noopener\">www.nietzschesource.org<\/a><\/p>\n","protected":false},"excerpt":{"rendered":"<p>O Nietzsche Source \u00e9 um s\u00edtio da web consagrado \u00e0 publica\u00e7\u00e3o de fontes prim\u00e1rias e secund\u00e1rias que digam respeito \u00e0 obra de Nietzsche. Neste momento, o s\u00edtio publica duas edi\u00e7\u00f5es eruditas\u00a0: a Digitale Faksimile Gesamtausgabe (DFGA) em colabora\u00e7\u00e3o com a Klassik Stiftung Weimar,\u00a0reprodu\u00e7\u00e3o fac-similada de todos os manuscritos de Nietzsche, e a Digitale Kritische Gesamtausgabe&#8230;<\/p>\n","protected":false},"author":1,"featured_media":908,"parent":0,"menu_order":0,"comment_status":"closed","ping_status":"closed","template":"page-sidebar.php","meta":{"_acf_changed":false,"footnotes":""},"class_list":["post-594","page","type-page","status-publish","has-post-thumbnail","hentry"],"acf":[],"_links":{"self":[{"href":"https:\/\/www.hypernietzsche.org\/pt-pt\/wp-json\/wp\/v2\/pages\/594","targetHints":{"allow":["GET"]}}],"collection":[{"href":"https:\/\/www.hypernietzsche.org\/pt-pt\/wp-json\/wp\/v2\/pages"}],"about":[{"href":"https:\/\/www.hypernietzsche.org\/pt-pt\/wp-json\/wp\/v2\/types\/page"}],"author":[{"embeddable":true,"href":"https:\/\/www.hypernietzsche.org\/pt-pt\/wp-json\/wp\/v2\/users\/1"}],"replies":[{"embeddable":true,"href":"https:\/\/www.hypernietzsche.org\/pt-pt\/wp-json\/wp\/v2\/comments?post=594"}],"version-history":[{"count":7,"href":"https:\/\/www.hypernietzsche.org\/pt-pt\/wp-json\/wp\/v2\/pages\/594\/revisions"}],"predecessor-version":[{"id":2614,"href":"https:\/\/www.hypernietzsche.org\/pt-pt\/wp-json\/wp\/v2\/pages\/594\/revisions\/2614"}],"wp:featuredmedia":[{"embeddable":true,"href":"https:\/\/www.hypernietzsche.org\/pt-pt\/wp-json\/wp\/v2\/media\/908"}],"wp:attachment":[{"href":"https:\/\/www.hypernietzsche.org\/pt-pt\/wp-json\/wp\/v2\/media?parent=594"}],"curies":[{"name":"wp","href":"https:\/\/api.w.org\/{rel}","templated":true}]}}