{"id":30,"date":"2017-03-24T15:53:01","date_gmt":"2017-03-24T14:53:01","guid":{"rendered":"http:\/\/hypernietzsche.org\/?page_id=30"},"modified":"2025-09-27T16:46:49","modified_gmt":"2025-09-27T14:46:49","slug":"home","status":"publish","type":"page","link":"https:\/\/www.hypernietzsche.org\/pt-pt\/","title":{"rendered":"HyperNietzsche"},"content":{"rendered":"<p><span lang=\"PT\">O HyperNietzsche \u00e9 um grupo internacional de investiga\u00e7\u00e3o consagrado \u00e0 interpreta\u00e7\u00e3o e edi\u00e7\u00e3o da obra de Nietzsche. Est\u00e1 concebido como um lugar de encontro e discuss\u00e3o destinado a investigadores de diferentes pa\u00edses e de diferentes escolas, e dedica-se particularmente a estas tr\u00eas actividades:<\/span><\/p>\n<p>1) <span lang=\"PT\">\u00a0<strong>Publica\u00e7\u00e3o<\/strong>. O HyperNietzsche promove a publica\u00e7\u00e3o e tradu\u00e7\u00e3o de edi\u00e7\u00f5es eruditas e estudos cr\u00edticos sobre Nietzsche, tanto em formato impresso quanto em formato digital. As edi\u00e7\u00f5es e os estudos em formato digital ser\u00e3o publicados pelo s\u00edtio <a href=\"http:\/\/hypernietzsche.org\/nietzsche-source\/\" target=\"_blank\" rel=\"noopener\">Nietzsche Source<\/a>, o qual inclui, neste momento, duas edi\u00e7\u00f5es (a <a href=\"http:\/\/www.nietzschesource.org\/eKGWB\" target=\"_blank\" rel=\"noopener\">edi\u00e7\u00e3o cr\u00edtica de refer\u00eancia<\/a> e a <a href=\"http:\/\/www.nietzschesource.org\/DFGA\" target=\"_blank\" rel=\"noopener\">edi\u00e7\u00e3o em fac-simile<\/a>), bem como a revista internacional e multilingue <a href=\"http:\/\/www.nietzschesource.org\/SN\/\" target=\"_blank\" rel=\"noopener\">Studia Nietzscheana<\/a>.<\/span><\/p>\n<p>2) <span lang=\"PT\"><strong>Informa\u00e7\u00e3o<\/strong>. O HyperNietzsche prop\u00f5e-se recolher e difundir informa\u00e7\u00f5es que digam respeito \u00e0 actualidade da investiga\u00e7\u00e3o nietzschiana. O instrumento de difus\u00e3o escolhido para este efeito \u00e9 o s\u00edtio <a href=\"http:\/\/www.nietzsche-news.org\/\" target=\"_blank\" rel=\"noopener\">Nietzsche News Center<\/a>, que publica regularmente, em diferentes l\u00ednguas, an\u00fancios de col\u00f3quios, jornadas de estudos, semin\u00e1rios, cursos, confer\u00eancias\u2026<\/span><\/p>\n<p>3) <span lang=\"PT\"><strong>Discuss\u00e3o<\/strong>. O HyperNietzsche organiza regularmente col\u00f3quios, confer\u00eancias, jornadas de estudos e encontros de trabalho nos diferentes pa\u00edses dos seus membros. Um grande congresso internacional \u00e9 organizado de dois em dois anos\u00a0: a <\/span>\u00a0<a href=\"https:\/\/www.hypernietzsche.org\/pt-pt\/biennale\/\" target=\"_blank\" rel=\"noopener\">Biennale Nietzscheana<\/a>.<\/p>\n<p><span lang=\"PT\">Do ponto de vista jur\u00eddico, o grupo de investiga\u00e7\u00e3o baseia-se na <em>Association HyperNietzsche<\/em>, uma associa\u00e7\u00e3o com fins n\u00e3o-lucrativos de direito franc\u00eas (lei 1\/7\/1901) fundada na <\/span><a href=\"http:\/\/www.ens.fr\" target=\"_blank\" rel=\"noopener\">\u00c9cole normale sup\u00e9rieure<\/a> di Parigi nel 2001.<\/p>\n","protected":false},"excerpt":{"rendered":"<p>O HyperNietzsche \u00e9 um grupo internacional de investiga\u00e7\u00e3o consagrado \u00e0 interpreta\u00e7\u00e3o e edi\u00e7\u00e3o da obra de Nietzsche. Est\u00e1 concebido como um lugar de encontro e discuss\u00e3o destinado a investigadores de diferentes pa\u00edses e de diferentes escolas, e dedica-se particularmente a estas tr\u00eas actividades: 1) \u00a0Publica\u00e7\u00e3o. O HyperNietzsche promove a publica\u00e7\u00e3o e tradu\u00e7\u00e3o de edi\u00e7\u00f5es eruditas&#8230;<\/p>\n","protected":false},"author":1,"featured_media":903,"parent":0,"menu_order":0,"comment_status":"open","ping_status":"open","template":"","meta":{"_acf_changed":false,"footnotes":""},"class_list":["post-30","page","type-page","status-publish","has-post-thumbnail","hentry"],"acf":[],"_links":{"self":[{"href":"https:\/\/www.hypernietzsche.org\/pt-pt\/wp-json\/wp\/v2\/pages\/30","targetHints":{"allow":["GET"]}}],"collection":[{"href":"https:\/\/www.hypernietzsche.org\/pt-pt\/wp-json\/wp\/v2\/pages"}],"about":[{"href":"https:\/\/www.hypernietzsche.org\/pt-pt\/wp-json\/wp\/v2\/types\/page"}],"author":[{"embeddable":true,"href":"https:\/\/www.hypernietzsche.org\/pt-pt\/wp-json\/wp\/v2\/users\/1"}],"replies":[{"embeddable":true,"href":"https:\/\/www.hypernietzsche.org\/pt-pt\/wp-json\/wp\/v2\/comments?post=30"}],"version-history":[{"count":14,"href":"https:\/\/www.hypernietzsche.org\/pt-pt\/wp-json\/wp\/v2\/pages\/30\/revisions"}],"predecessor-version":[{"id":11790,"href":"https:\/\/www.hypernietzsche.org\/pt-pt\/wp-json\/wp\/v2\/pages\/30\/revisions\/11790"}],"wp:featuredmedia":[{"embeddable":true,"href":"https:\/\/www.hypernietzsche.org\/pt-pt\/wp-json\/wp\/v2\/media\/903"}],"wp:attachment":[{"href":"https:\/\/www.hypernietzsche.org\/pt-pt\/wp-json\/wp\/v2\/media?parent=30"}],"curies":[{"name":"wp","href":"https:\/\/api.w.org\/{rel}","templated":true}]}}