{"id":10688,"date":"2021-11-19T19:29:29","date_gmt":"2021-11-19T18:29:29","guid":{"rendered":"https:\/\/www.hypernietzsche.org\/weimar\/"},"modified":"2021-11-23T15:52:35","modified_gmt":"2021-11-23T14:52:35","slug":"weimar","status":"publish","type":"page","link":"https:\/\/www.hypernietzsche.org\/pt-pt\/weimar\/","title":{"rendered":"Biennale Nietzscheana 2021"},"content":{"rendered":"<h2 style=\"text-align: center;\"><span style=\"color: #3366ff;\">Natur und \u00d6konomie des \u201eletzten Menschen\u201c<br \/>\n<\/span><\/h2>\n<p style=\"text-align: center;\"><span style=\"color: #000000;\">Internationale Konferenz<br \/>\nder Association HyperNietzsche und des <a style=\"color: #000000;\" href=\"https:\/\/www.klassik-stiftung.de\/nietzsche-archiv\/\" target=\"_blank\" rel=\"noopener noreferrer\">Kolleg Friedrich Nietzsche<\/a><br \/>\n<span lang=\"DE\">26.-28. November 2021 in Weimar<\/span><\/span><\/p>\n<hr \/>\n<p><a href=\"https:\/\/www.hypernietzsche.org\/wp-content\/uploads\/2021\/11\/Biennale-Weimar.pdf\" target=\"_blank\" rel=\"noopener noreferrer\">Programm im PDF-Format<\/a><\/p>\n<hr \/>\n<table>\n<tbody>\n<tr>\n<td width=\"104\"><strong>\u00a0<\/strong><\/td>\n<td width=\"500\"><strong>Freitag, 26. Nov. 2021<\/strong><\/td>\n<\/tr>\n<tr>\n<td width=\"104\"><strong>Ab 13:00<\/strong><\/td>\n<td width=\"500\">Check-In \/ Kontrolle der Hygieneregeln<\/td>\n<\/tr>\n<tr>\n<td width=\"104\"><strong>14:30-15:00<\/strong><\/td>\n<td width=\"500\">Begr\u00fc\u00dfung<\/td>\n<\/tr>\n<tr>\n<td width=\"104\"><strong>15:00-15:45<\/strong><\/td>\n<td width=\"500\"><strong>Corinna Schubert<\/strong> (Klassik Stiftung Weimar, Deutschland):<br \/>\n<em>Einf\u00fchrung<\/em>. <em>Von ersten und letzten Menschen<\/em><\/td>\n<\/tr>\n<tr>\n<td width=\"104\"><strong>15:45-16:30<\/strong><\/td>\n<td width=\"500\"><strong>Thomas Schmaus<\/strong> (Alanus Hochschule Alfter, Deutschland):<br \/>\n<em>Der letzte Mensch als transhumanistische Dystopie. Eine Aktualisierung von Heinrich Rombachs Nietzsche-Interpretation <\/em><\/td>\n<\/tr>\n<tr>\n<td width=\"104\"><strong>16:30-17:00<\/strong><\/td>\n<td width=\"500\"><em>Pause<\/em><\/td>\n<\/tr>\n<tr>\n<td width=\"104\"><strong>17:00-17:45<\/strong><\/td>\n<td width=\"500\"><strong>Anthony K. Jensen <\/strong>(Providence College, USA):<strong><br \/>\n<\/strong><em>Life in Weimar: Nature and Health in Goethe and Nietzsche <\/em><\/td>\n<\/tr>\n<tr>\n<td width=\"104\"><strong>17:45-18:30<\/strong><\/td>\n<td width=\"500\"><strong>Paolo D\u2019Iorio<\/strong> (CNRS, Frankreich):<br \/>\n<em>Letzte Menschen und Sondermenschen<\/em><\/td>\n<\/tr>\n<tr>\n<td width=\"104\"><strong>19:30<\/strong><\/td>\n<td width=\"500\"><em>Abendessen<\/em><\/td>\n<\/tr>\n<tr>\n<td width=\"104\"><strong>\u00a0<\/strong><\/td>\n<td width=\"500\">&nbsp;<\/p>\n<p><strong>Samstag, 27. Nov. 2<\/strong><strong>021<\/strong><\/td>\n<\/tr>\n<tr>\n<td width=\"104\"><strong>09:30-10:15<\/strong><\/td>\n<td width=\"500\"><strong>Jes\u00fas Conill<\/strong> (Universit\u00e4t Valencia, Spanien):<strong><br \/>\n<\/strong><em>El \u00eathos nihilista del &#8216;\u00faltimo hombre&#8217; y la econom\u00eda del bienestar <\/em><\/td>\n<\/tr>\n<tr>\n<td width=\"104\"><strong>10:15-11:00<\/strong><\/td>\n<td width=\"500\"><strong>Jenny Kellner <\/strong>(Universit\u00e4t der K\u00fcnste Berlin, Deutschland):<strong><br \/>\n<\/strong><em>Die Theorie der Verschwendung und der letzte Mensch:<br \/>\nGeorges Batailles \u201aallgemeine \u00d6konomie\u2018 als theoretisches Pendant zur Verzweiflung Zarathustras<\/em><\/td>\n<\/tr>\n<tr>\n<td width=\"104\"><strong>11:00-11:30<\/strong><\/td>\n<td width=\"500\"><em>Pause<\/em><\/td>\n<\/tr>\n<tr>\n<td width=\"104\"><strong>11:30-12:15<\/strong><\/td>\n<td width=\"500\"><strong>Johann Szews <\/strong>(Universit\u00e4t Hildesheim, Deutschland):<br \/>\n<em>Weltende. Nietzsche lesen im Anthropoz\u00e4n<\/em><\/td>\n<\/tr>\n<tr>\n<td width=\"104\"><strong>12:15-13:00<\/strong><\/td>\n<td width=\"500\"><strong>Yannick Souladi\u00e9 <\/strong>(CNRS, Frankreich):<strong><br \/>\n<\/strong><em>Geometer d\u00fcrfen hier nicht rein.<br \/>\nElemente f\u00fcr eine nietzscheanische \u00d6kologie.<\/em><\/td>\n<\/tr>\n<tr>\n<td width=\"104\"><strong>13:00-15:00<\/strong><\/td>\n<td width=\"500\"><em>Mittagspause<\/em><\/td>\n<\/tr>\n<tr>\n<td width=\"104\"><strong>15:00-15:45<\/strong><\/td>\n<td width=\"500\"><strong>Kilian Lavernia <\/strong>(Universidad Nacional de Educaci\u00f3n a Distancia, Spanien): <em>Natur und \u00d6konomie der ,ersten Menschen\u2018? Einige Bemerkungen zum Gottesdienst der Griechen<\/em><\/td>\n<\/tr>\n<tr>\n<td width=\"104\"><strong>15:45-16:30<\/strong><\/td>\n<td width=\"500\"><strong>Carlotta Santini <\/strong>(CNRS, Frankreich):<strong><br \/>\n<\/strong><em>Aufkl\u00e4rung und Revolution. Montinari und die Modellierung der Geschichte<\/em><\/td>\n<\/tr>\n<tr>\n<td width=\"104\"><strong>16:30-19:00<\/strong><\/td>\n<td width=\"500\"><em>Besichtigung des historischen Nietzsche-Archivs <\/em><\/td>\n<\/tr>\n<tr>\n<td width=\"104\"><strong>19:00<\/strong><\/td>\n<td width=\"500\"><em>Abendessen<\/em><\/td>\n<\/tr>\n<tr>\n<td width=\"104\"><strong>\u00a0<\/strong><\/td>\n<td width=\"500\"><strong>\u00a0<\/strong><\/p>\n<p><strong>Sonntag, 28. Nov. 2021<\/strong><\/td>\n<\/tr>\n<tr>\n<td width=\"104\"><strong>09:30-10:15<\/strong><\/td>\n<td width=\"500\"><strong>Manfred Posani Loewenstein<\/strong> (Istituto italiano per gli studi storici, Italien):<br \/>\n<em>Nietzsche, \u00d6dipus und der Wille zur Wahrheit<\/em><\/td>\n<\/tr>\n<tr>\n<td width=\"104\"><strong>10:15-11:00<\/strong><\/td>\n<td width=\"500\"><strong>David Simonin<\/strong> (CNRS, Frankreich):<br \/>\n<em>Die Vorurteile des \u201eletzten Menschen\u201c \u2013 Zur Neubestimmung der \u00d6konomie der Menschheit in Nietzsches Morgenr\u00f6the<\/em><\/td>\n<\/tr>\n<tr>\n<td width=\"104\"><strong>11:00.11:30<\/strong><\/td>\n<td width=\"500\"><em>Pause<\/em><\/td>\n<\/tr>\n<tr>\n<td width=\"104\"><strong>11:30-12:15<\/strong><\/td>\n<td width=\"500\"><strong>Luca Lupo <\/strong>(Universit\u00e0 degli Studi della Calabria, Italien):<strong><br \/>\n<\/strong><em>Gegen \u201cPerfect conformity\u201d. Der letzte Mensch in Leo Strauss&#8217; Seminaren \u00fcber Also sprach Zarathustra<\/em><\/td>\n<\/tr>\n<tr>\n<td width=\"104\"><strong>12:15-13:00<\/strong><\/td>\n<td width=\"500\"><strong>Markus Winkler <\/strong>(Universit\u00e9 de Gen\u00e8ve, Schweiz):<strong><br \/>\n<\/strong><em>Ansichten einer posthumanen Welt: Nietzsches Figurationen<br \/>\ndes \u201aletzten Menschen&#8217;<\/em><\/td>\n<\/tr>\n<tr>\n<td width=\"104\"><strong>13:00-13:15<\/strong><\/td>\n<td width=\"500\"><strong>Abschluss, Ende der Veranstaltung<\/strong><\/td>\n<\/tr>\n<\/tbody>\n<\/table>\n<p>Veranstaltungsort: Goethe- und Schiller-Archiv | Jenaer Stra\u00dfe 1 | 99425 Weimar<\/p>\n<p>Die Veranstaltung wird in Pr\u00e4senz durchgef\u00fchrt. Aufgrund der Covid-19-Pandemie ist grunds\u00e4tzlich ein aktiver Impfschutz oder eine Genesung nachzuweisen (2G). Um eine vorherige Anmeldung wird gebeten. Alternativ k\u00f6nnen Sie die Veranstaltung auch online verfolgen, wir lassen Ihnen auf Anfrage eine Webex-Link zukommen.<\/p>\n<p>Prof. Dr. Helmut Heit<br \/>\nDr. Corinna Schubert<br \/>\nKlassik Stiftung Weimar<br \/>\nKolleg Friedrich Nietzsche<br \/>\nBurgplatz 4 | 99423 Weimar<br \/>\n<a>Kolleg-Nietzsche@klassik-stiftung.de<\/a><\/p>\n<hr \/>\n<p><a href=\"https:\/\/www.hypernietzsche.org\/wp-content\/uploads\/2021\/11\/Biennale-Weimar.pdf\">Biennale-Weimar<\/a><\/p>\n","protected":false},"excerpt":{"rendered":"<p>Natur und \u00d6konomie des \u201eletzten Menschen\u201c Internationale Konferenz der Association HyperNietzsche und des Kolleg Friedrich Nietzsche 26.-28. November 2021 in Weimar Programm im PDF-Format \u00a0 Freitag, 26. Nov. 2021 Ab 13:00 Check-In \/ Kontrolle der Hygieneregeln 14:30-15:00 Begr\u00fc\u00dfung 15:00-15:45 Corinna Schubert (Klassik Stiftung Weimar, Deutschland): Einf\u00fchrung. Von ersten und letzten Menschen 15:45-16:30 Thomas Schmaus (Alanus&#8230;<\/p>\n","protected":false},"author":4,"featured_media":0,"parent":0,"menu_order":0,"comment_status":"closed","ping_status":"closed","template":"","meta":{"_acf_changed":false,"footnotes":""},"class_list":["post-10688","page","type-page","status-publish","hentry"],"acf":[],"_links":{"self":[{"href":"https:\/\/www.hypernietzsche.org\/pt-pt\/wp-json\/wp\/v2\/pages\/10688","targetHints":{"allow":["GET"]}}],"collection":[{"href":"https:\/\/www.hypernietzsche.org\/pt-pt\/wp-json\/wp\/v2\/pages"}],"about":[{"href":"https:\/\/www.hypernietzsche.org\/pt-pt\/wp-json\/wp\/v2\/types\/page"}],"author":[{"embeddable":true,"href":"https:\/\/www.hypernietzsche.org\/pt-pt\/wp-json\/wp\/v2\/users\/4"}],"replies":[{"embeddable":true,"href":"https:\/\/www.hypernietzsche.org\/pt-pt\/wp-json\/wp\/v2\/comments?post=10688"}],"version-history":[{"count":4,"href":"https:\/\/www.hypernietzsche.org\/pt-pt\/wp-json\/wp\/v2\/pages\/10688\/revisions"}],"predecessor-version":[{"id":10718,"href":"https:\/\/www.hypernietzsche.org\/pt-pt\/wp-json\/wp\/v2\/pages\/10688\/revisions\/10718"}],"wp:attachment":[{"href":"https:\/\/www.hypernietzsche.org\/pt-pt\/wp-json\/wp\/v2\/media?parent=10688"}],"curies":[{"name":"wp","href":"https:\/\/api.w.org\/{rel}","templated":true}]}}