{"id":645,"date":"2017-04-06T13:08:02","date_gmt":"2017-04-06T11:08:02","guid":{"rendered":"http:\/\/hypernietzsche.org\/partners\/"},"modified":"2018-06-25T12:18:27","modified_gmt":"2018-06-25T10:18:27","slug":"partners","status":"publish","type":"page","link":"https:\/\/www.hypernietzsche.org\/es\/partners\/","title":{"rendered":"Socios"},"content":{"rendered":"<p style=\"text-align: center;\">Los socios de HyperNietzsche est\u00e1n formados por otros grupos de investigaci\u00f3n, de car\u00e1cter y alcance nacional,<br \/>\nque participan regularmente en el trabajo de HyperNietzsche y en sus reuniones y conferencias.<\/p>\n<p>&nbsp;<\/p>\n","protected":false},"excerpt":{"rendered":"<p>Los socios de HyperNietzsche est\u00e1n formados por otros grupos de investigaci\u00f3n, de car\u00e1cter y alcance nacional, que participan regularmente en el trabajo de HyperNietzsche y en sus reuniones y conferencias. &nbsp;<\/p>\n","protected":false},"author":1,"featured_media":0,"parent":0,"menu_order":0,"comment_status":"closed","ping_status":"closed","template":"page-archive-partner.php","meta":{"_acf_changed":false,"footnotes":""},"class_list":["post-645","page","type-page","status-publish","hentry"],"acf":[],"_links":{"self":[{"href":"https:\/\/www.hypernietzsche.org\/es\/wp-json\/wp\/v2\/pages\/645","targetHints":{"allow":["GET"]}}],"collection":[{"href":"https:\/\/www.hypernietzsche.org\/es\/wp-json\/wp\/v2\/pages"}],"about":[{"href":"https:\/\/www.hypernietzsche.org\/es\/wp-json\/wp\/v2\/types\/page"}],"author":[{"embeddable":true,"href":"https:\/\/www.hypernietzsche.org\/es\/wp-json\/wp\/v2\/users\/1"}],"replies":[{"embeddable":true,"href":"https:\/\/www.hypernietzsche.org\/es\/wp-json\/wp\/v2\/comments?post=645"}],"version-history":[{"count":5,"href":"https:\/\/www.hypernietzsche.org\/es\/wp-json\/wp\/v2\/pages\/645\/revisions"}],"predecessor-version":[{"id":2602,"href":"https:\/\/www.hypernietzsche.org\/es\/wp-json\/wp\/v2\/pages\/645\/revisions\/2602"}],"wp:attachment":[{"href":"https:\/\/www.hypernietzsche.org\/es\/wp-json\/wp\/v2\/media?parent=645"}],"curies":[{"name":"wp","href":"https:\/\/api.w.org\/{rel}","templated":true}]}}