{"id":629,"date":"2017-04-04T09:59:00","date_gmt":"2017-04-04T07:59:00","guid":{"rendered":"http:\/\/hypernietzsche.org\/membri\/"},"modified":"2025-01-15T19:30:06","modified_gmt":"2025-01-15T18:30:06","slug":"miembros","status":"publish","type":"page","link":"https:\/\/www.hypernietzsche.org\/es\/miembros\/","title":{"rendered":"Miembros"},"content":{"rendered":"<p style=\"text-align: center;\">HyperNietzsche actualmente tiene <strong>82 miembros<\/strong> provenientes de 16 pa\u00edses diferentes.<\/p>\n<p style=\"text-align: center;\">El<strong> Comit\u00e9 Cient\u00edfico<\/strong> de HyperNietzsche est\u00e1 compuesto por 13 personas originarias de 8 pa\u00edses diferentes.<\/p>\n<p>&nbsp;<\/p>\n","protected":false},"excerpt":{"rendered":"<p>HyperNietzsche actualmente tiene 82 miembros provenientes de 16 pa\u00edses diferentes. El Comit\u00e9 Cient\u00edfico de HyperNietzsche est\u00e1 compuesto por 13 personas originarias de 8 pa\u00edses diferentes. &nbsp;<\/p>\n","protected":false},"author":1,"featured_media":0,"parent":0,"menu_order":0,"comment_status":"closed","ping_status":"closed","template":"page-archive.php","meta":{"_acf_changed":false,"footnotes":""},"class_list":["post-629","page","type-page","status-publish","hentry"],"acf":[],"_links":{"self":[{"href":"https:\/\/www.hypernietzsche.org\/es\/wp-json\/wp\/v2\/pages\/629","targetHints":{"allow":["GET"]}}],"collection":[{"href":"https:\/\/www.hypernietzsche.org\/es\/wp-json\/wp\/v2\/pages"}],"about":[{"href":"https:\/\/www.hypernietzsche.org\/es\/wp-json\/wp\/v2\/types\/page"}],"author":[{"embeddable":true,"href":"https:\/\/www.hypernietzsche.org\/es\/wp-json\/wp\/v2\/users\/1"}],"replies":[{"embeddable":true,"href":"https:\/\/www.hypernietzsche.org\/es\/wp-json\/wp\/v2\/comments?post=629"}],"version-history":[{"count":15,"href":"https:\/\/www.hypernietzsche.org\/es\/wp-json\/wp\/v2\/pages\/629\/revisions"}],"predecessor-version":[{"id":11365,"href":"https:\/\/www.hypernietzsche.org\/es\/wp-json\/wp\/v2\/pages\/629\/revisions\/11365"}],"wp:attachment":[{"href":"https:\/\/www.hypernietzsche.org\/es\/wp-json\/wp\/v2\/media?parent=629"}],"curies":[{"name":"wp","href":"https:\/\/api.w.org\/{rel}","templated":true}]}}