{"id":606,"date":"2017-03-24T15:59:08","date_gmt":"2017-03-24T14:59:08","guid":{"rendered":"http:\/\/hypernietzsche.org\/news\/"},"modified":"2018-06-25T12:34:05","modified_gmt":"2018-06-25T10:34:05","slug":"nietzsche-news","status":"publish","type":"page","link":"https:\/\/www.hypernietzsche.org\/es\/nietzsche-news\/","title":{"rendered":"Noticias de Nietzsche"},"content":{"rendered":"<p>El\u00a0<a href=\"http:\/\/www.nietzsche-news.org\" target=\"_blank\" rel=\"noopener\">Nietzsche News Center<\/a>\u00a0es un sitio web especializado en noticias sobre los desarrollos actuales en la investigaci\u00f3n de Nietzsche en todo el mundo, incluidas publicaciones, coloquios, conferencias y seminarios, que est\u00e1 abierto a las contribuciones de todos los investigadores. Los art\u00edculos de noticias se pueden enviar en varios idiomas (alem\u00e1n, ingl\u00e9s, espa\u00f1ol, franc\u00e9s, italiano o portugu\u00e9s) y se publicar\u00e1n sujetos a revisi\u00f3n por parte del Comit\u00e9 Editorial del sitio. Desde su lanzamiento en enero de 2007, este Comit\u00e9 Editorial ha suministrado regularmente el sitio con contenido de Paolo D&#8217;Iorio, Armin Schwehr, Yannick Souladi\u00e9 (anteriormente de Pietro Gori, Johan Grzelczyk, Mattia Riccardi, Paolo Stellino, Salvatore Viola) y de varios otros investigadores de todo el mundo. Todos los meses, se env\u00eda un bolet\u00edn que contiene una selecci\u00f3n de las noticias publicadas a los 800 suscriptores del Centro de Noticias.<\/p>\n<p>\u00e8 un sito di notizie che riguardano l&#8217;attualit\u00e0 della ricerca su Nietzsche nel mondo \u2013 pubblicazioni, convegni, conferenze, seminari, eventi \u2013 alimentato dai contributi di tutti gli studiosi. Le notizie possono essere inviate in diverse lingue (francese, inglese, italiano, portoghese, spagnolo, tedesco) e sono pubblicate previa revisione da parte del comitato editoriale composto da Paolo D&#8217;Iorio, Armin Schwehr, Yannick Souladi\u00e9, Ana Zelin (precedentemente Pietro Gori,\u00a0Johan Grzelczyk, Mattia Riccardi,\u00a0Paolo Stellino, Salvatore Viola). Ogni mese viene inviata per posta elettronica una rassegna delle notizie a circa 800 abbonati.<\/p>\n<p><a href=\"http:\/\/www.nietzsche-news.org\" target=\"_blank\" rel=\"noopener\">www.nietzsche-news.org<\/a><\/p>\n","protected":false},"excerpt":{"rendered":"<p>El\u00a0Nietzsche News Center\u00a0es un sitio web especializado en noticias sobre los desarrollos actuales en la investigaci\u00f3n de Nietzsche en todo el mundo, incluidas publicaciones, coloquios, conferencias y seminarios, que est\u00e1 abierto a las contribuciones de todos los investigadores. Los art\u00edculos de noticias se pueden enviar en varios idiomas (alem\u00e1n, ingl\u00e9s, espa\u00f1ol, franc\u00e9s, italiano o portugu\u00e9s)&#8230;<\/p>\n","protected":false},"author":1,"featured_media":929,"parent":0,"menu_order":0,"comment_status":"closed","ping_status":"closed","template":"page-sidebar.php","meta":{"_acf_changed":false,"footnotes":""},"class_list":["post-606","page","type-page","status-publish","has-post-thumbnail","hentry"],"acf":[],"_links":{"self":[{"href":"https:\/\/www.hypernietzsche.org\/es\/wp-json\/wp\/v2\/pages\/606","targetHints":{"allow":["GET"]}}],"collection":[{"href":"https:\/\/www.hypernietzsche.org\/es\/wp-json\/wp\/v2\/pages"}],"about":[{"href":"https:\/\/www.hypernietzsche.org\/es\/wp-json\/wp\/v2\/types\/page"}],"author":[{"embeddable":true,"href":"https:\/\/www.hypernietzsche.org\/es\/wp-json\/wp\/v2\/users\/1"}],"replies":[{"embeddable":true,"href":"https:\/\/www.hypernietzsche.org\/es\/wp-json\/wp\/v2\/comments?post=606"}],"version-history":[{"count":6,"href":"https:\/\/www.hypernietzsche.org\/es\/wp-json\/wp\/v2\/pages\/606\/revisions"}],"predecessor-version":[{"id":2173,"href":"https:\/\/www.hypernietzsche.org\/es\/wp-json\/wp\/v2\/pages\/606\/revisions\/2173"}],"wp:featuredmedia":[{"embeddable":true,"href":"https:\/\/www.hypernietzsche.org\/es\/wp-json\/wp\/v2\/media\/929"}],"wp:attachment":[{"href":"https:\/\/www.hypernietzsche.org\/es\/wp-json\/wp\/v2\/media?parent=606"}],"curies":[{"name":"wp","href":"https:\/\/api.w.org\/{rel}","templated":true}]}}