{"id":597,"date":"2017-11-12T16:06:27","date_gmt":"2017-11-12T15:06:27","guid":{"rendered":"http:\/\/hypernietzsche.org\/nietzsche-source\/"},"modified":"2018-07-25T12:44:16","modified_gmt":"2018-07-25T10:44:16","slug":"nietzsche-source","status":"publish","type":"page","link":"https:\/\/www.hypernietzsche.org\/es\/nietzsche-source\/","title":{"rendered":"Nietzsche Source"},"content":{"rendered":"<p>Nietzsche Source es un sitio web dedicado a la publicaci\u00f3n de fuentes primarias y secundarias relacionadas con la obra de Nietzsche.<\/p>\n<p>Actualmente, el sitio publica dos ediciones acad\u00e9micas: el <a href=\"http:\/\/www.nietzschesource.org\/DFGA\/\" target=\"_blank\" rel=\"noopener\"><em>Digitale Faksimile Gesamtausgabe<\/em><\/a> (DFGA) en colaboraci\u00f3n con la <a href=\"http:\/\/www.klassik-stiftung.de\/forschung\/digitale-dokumente\/digitalisierte-bestaende\/nachlass-friedrich-nietzsche-dfga\/\" target=\"_blank\" rel=\"noopener\">Klassik Stiftung Weimar<\/a>, que consiste en reproducciones facs\u00edmil de todos los manuscritos de Nietzsche, y el <a href=\"http:\/\/www.nietzschesource.org\/eKGWB\/\" target=\"_blank\" rel=\"noopener\"><em>Digitale Kritische Gesamtausgabe Werke und Briefe<\/em><\/a> (eKGWB), una edici\u00f3n digital de todas las obras completas de Nietzsche. junto con su correspondencia, basada en los textos cr\u00edticamente establecidos por G. Colli y M. Montinari. Tambi\u00e9n publica una revisi\u00f3n multiling\u00fce de estudios cr\u00edticos titulada <a href=\"http:\/\/www.nietzschesource.org\/SN\" target=\"_blank\" rel=\"noopener\"><em>Studia Nietzscheana<\/em><\/a>.<\/p>\n<p>Nietzsche Source es consultado unas 100.000 veces al a\u00f1o como promedio, por lectores que acceden desde m\u00e1s de 100 pa\u00edses de todo el mundo.<\/p>\n<p><a href=\"http:\/\/www.nietzschesource.org\/\" target=\"_blank\" rel=\"noopener\">www.nietzschesource.org<\/a><\/p>\n","protected":false},"excerpt":{"rendered":"<p>Nietzsche Source es un sitio web dedicado a la publicaci\u00f3n de fuentes primarias y secundarias relacionadas con la obra de Nietzsche. Actualmente, el sitio publica dos ediciones acad\u00e9micas: el Digitale Faksimile Gesamtausgabe (DFGA) en colaboraci\u00f3n con la Klassik Stiftung Weimar, que consiste en reproducciones facs\u00edmil de todos los manuscritos de Nietzsche, y el Digitale Kritische&#8230;<\/p>\n","protected":false},"author":1,"featured_media":909,"parent":0,"menu_order":0,"comment_status":"closed","ping_status":"closed","template":"page-sidebar.php","meta":{"_acf_changed":false,"footnotes":""},"class_list":["post-597","page","type-page","status-publish","has-post-thumbnail","hentry"],"acf":[],"_links":{"self":[{"href":"https:\/\/www.hypernietzsche.org\/es\/wp-json\/wp\/v2\/pages\/597","targetHints":{"allow":["GET"]}}],"collection":[{"href":"https:\/\/www.hypernietzsche.org\/es\/wp-json\/wp\/v2\/pages"}],"about":[{"href":"https:\/\/www.hypernietzsche.org\/es\/wp-json\/wp\/v2\/types\/page"}],"author":[{"embeddable":true,"href":"https:\/\/www.hypernietzsche.org\/es\/wp-json\/wp\/v2\/users\/1"}],"replies":[{"embeddable":true,"href":"https:\/\/www.hypernietzsche.org\/es\/wp-json\/wp\/v2\/comments?post=597"}],"version-history":[{"count":7,"href":"https:\/\/www.hypernietzsche.org\/es\/wp-json\/wp\/v2\/pages\/597\/revisions"}],"predecessor-version":[{"id":2615,"href":"https:\/\/www.hypernietzsche.org\/es\/wp-json\/wp\/v2\/pages\/597\/revisions\/2615"}],"wp:featuredmedia":[{"embeddable":true,"href":"https:\/\/www.hypernietzsche.org\/es\/wp-json\/wp\/v2\/media\/909"}],"wp:attachment":[{"href":"https:\/\/www.hypernietzsche.org\/es\/wp-json\/wp\/v2\/media?parent=597"}],"curies":[{"name":"wp","href":"https:\/\/api.w.org\/{rel}","templated":true}]}}