{"id":369,"date":"2017-04-06T11:15:17","date_gmt":"2017-04-06T09:15:17","guid":{"rendered":"http:\/\/hypernietzsche.org\/?page_id=369"},"modified":"2025-04-26T10:26:06","modified_gmt":"2025-04-26T08:26:06","slug":"biennale","status":"publish","type":"page","link":"https:\/\/www.hypernietzsche.org\/es\/biennale\/","title":{"rendered":"Biennale Nietzscheana"},"content":{"rendered":"<p>&nbsp;<\/p>\n<p>Cada dos a\u00f1os, el grupo de investigaci\u00f3n HyperNietzsche organizar\u00e1 un gran congreso internacional en una de las ciudades en las que sus miembros est\u00e1n haciendo su trabajo.<\/p>\n<p>La <a href=\"http:\/\/hypernietzsche.org\/es\/lisboa\" target=\"_blank\" rel=\"noopener noreferrer\">primera Biennale Nietzscheana<\/a>, titulada <strong>Nietzsche e as artes,<\/strong> se celebr\u00f3 en <strong>Lisboa<\/strong> del 15 al 17 de noviembre de 2017, organizada por Maria Jo\u00e3o Branco y Jo\u00e3o Constancio, con la ayuda y participaci\u00f3n de Paolo D&#8217;Iorio y Maria Cristina Fornari.<\/p>\n<p>La <a href=\"https:\/\/www.hypernietzsche.org\/es\/paris\/\" target=\"_blank\" rel=\"noopener noreferrer\">segunda Biennale Nietzscheana<\/a>, titulada <strong>Nietzsche et la France, la France et Nietzsche<\/strong>, se celebr\u00f3 en <strong>Par\u00eds<\/strong> del 6 al 9 de noviembre de 2019, organizada por Paolo D\u2019Iorio con la colaboraci\u00f3n de Alexandre Avril y David Simonin.<\/p>\n<p>La <a href=\"https:\/\/www.hypernietzsche.org\/es\/weimar\/\" target=\"_blank\" rel=\"noopener noreferrer\">tercera Biennale Nietzscheana<\/a>, titulada <strong>Natur und \u00d6konomie des \u201eletzten Menschen\u201c<\/strong>, se ha celebrado en <strong>Weimar<\/strong> del 26 al 28 de noviembre de 2021, organizada por Helmut Heit y Corinna Schubert.<\/p>\n<p>La <a href=\"https:\/\/www.hypernietzsche.org\/es\/lecce\/\" target=\"_blank\" rel=\"noopener noreferrer\">cuarta Biennale Nietzscheana<\/a>, titulada\u00a0<strong>Zarathustra<\/strong>, se ha celebrado en <strong>Lecce<\/strong> del 20 al 22 de septiembre de 2023, organizada por Maria Cristina Fornari.<\/p>\n<p>La <a href=\"https:\/\/www.hypernietzsche.org\/es\/Lisboa-2025\/\" target=\"_blank\" rel=\"noopener noreferrer\">quinta Biennale Nietzscheana<\/a>, titulada <strong>Humanidade \/ Humanidades<\/strong>, se celebrar\u00e1 en <strong>Lisboa<\/strong> del 10 al 12 de noviembre de 2025, organizada por Pietro Gori.<\/p>\n","protected":false},"excerpt":{"rendered":"<p>&nbsp; Cada dos a\u00f1os, el grupo de investigaci\u00f3n HyperNietzsche organizar\u00e1 un gran congreso internacional en una de las ciudades en las que sus miembros est\u00e1n haciendo su trabajo. La primera Biennale Nietzscheana, titulada Nietzsche e as artes, se celebr\u00f3 en Lisboa del 15 al 17 de noviembre de 2017, organizada por Maria Jo\u00e3o Branco y&#8230;<\/p>\n","protected":false},"author":1,"featured_media":914,"parent":0,"menu_order":0,"comment_status":"closed","ping_status":"closed","template":"","meta":{"_acf_changed":false,"footnotes":""},"class_list":["post-369","page","type-page","status-publish","has-post-thumbnail","hentry"],"acf":[],"_links":{"self":[{"href":"https:\/\/www.hypernietzsche.org\/es\/wp-json\/wp\/v2\/pages\/369","targetHints":{"allow":["GET"]}}],"collection":[{"href":"https:\/\/www.hypernietzsche.org\/es\/wp-json\/wp\/v2\/pages"}],"about":[{"href":"https:\/\/www.hypernietzsche.org\/es\/wp-json\/wp\/v2\/types\/page"}],"author":[{"embeddable":true,"href":"https:\/\/www.hypernietzsche.org\/es\/wp-json\/wp\/v2\/users\/1"}],"replies":[{"embeddable":true,"href":"https:\/\/www.hypernietzsche.org\/es\/wp-json\/wp\/v2\/comments?post=369"}],"version-history":[{"count":16,"href":"https:\/\/www.hypernietzsche.org\/es\/wp-json\/wp\/v2\/pages\/369\/revisions"}],"predecessor-version":[{"id":11455,"href":"https:\/\/www.hypernietzsche.org\/es\/wp-json\/wp\/v2\/pages\/369\/revisions\/11455"}],"wp:featuredmedia":[{"embeddable":true,"href":"https:\/\/www.hypernietzsche.org\/es\/wp-json\/wp\/v2\/media\/914"}],"wp:attachment":[{"href":"https:\/\/www.hypernietzsche.org\/es\/wp-json\/wp\/v2\/media?parent=369"}],"curies":[{"name":"wp","href":"https:\/\/api.w.org\/{rel}","templated":true}]}}