{"id":3492,"date":"2019-02-16T20:17:56","date_gmt":"2019-02-16T19:17:56","guid":{"rendered":"https:\/\/www.hypernietzsche.org\/biennale-2\/"},"modified":"2019-11-24T18:08:03","modified_gmt":"2019-11-24T17:08:03","slug":"paris","status":"publish","type":"page","link":"https:\/\/www.hypernietzsche.org\/en\/paris\/","title":{"rendered":"Biennale Nietzscheana 2019"},"content":{"rendered":"<h2 style=\"text-align: center;\"><span style=\"color: #3366ff;\">Nietzsche et la France, la France et Nietzsche<br \/>\n<\/span><\/h2>\n<p style=\"text-align: center;\"><span style=\"color: #3366ff;\">\u00c0 Paris, du 6 au 9 novembre 2019<br \/>\n<a href=\"http:\/\/www.sorbonne-universites.fr\" target=\"_blank\" rel=\"noopener noreferrer\">Sorbonne Universit\u00e9<\/a>, <a href=\"http:\/\/www.ens.fr\" target=\"_blank\" rel=\"noopener noreferrer\">\u00c9cole normale sup\u00e9rieure<\/a>, <a href=\"https:\/\/www.paris-iea.fr\" target=\"_blank\" rel=\"noopener noreferrer\">Institut d\u2019\u00c9tudes Avanc\u00e9es<\/a>, Paris<br \/>\n<\/span>Entr\u00e9e libre pour tous dans la limite des places disponibles. <a href=\"https:\/\/www.paris-iea.fr\/fr\/evenements\/biennale-nietzscheana-nietzsche-et-la-france-la-france-et-nietzsche\" target=\"_blank\" rel=\"noopener noreferrer\"><strong>Inscription gratuite et obligatoire.<\/strong><\/a><\/p>\n<hr \/>\n<p><a href=\"https:\/\/www.hypernietzsche.org\/wp-content\/uploads\/2019\/11\/livret-Paris.pdf\" target=\"_blank\" rel=\"noopener noreferrer\">Programme et r\u00e9sum\u00e9s<\/a>\u00a0\u2013 <a href=\"https:\/\/www.hypernietzsche.org\/wp-content\/uploads\/2019\/11\/affiche-Paris.pdf\" target=\"_blank\" rel=\"noopener noreferrer\">Affiche<\/a><\/p>\n<hr \/>\n<p><span style=\"color: #3366ff;\"><strong>Mercredi 6 novembre\u00a0:<\/strong><br \/>\n<\/span><a href=\"http:\/\/www.sorbonne.fr\/la-sorbonne\/location-espaces\/amphitheatre-liard\/\" target=\"_blank\" rel=\"noopener noreferrer\"><span lang=\"FR\">Sorbonne Universit\u00e9, <\/span><span lang=\"FR\">Amphith\u00e9\u00e2tre <\/span><\/a><span lang=\"FR\"><a href=\"http:\/\/www.sorbonne.fr\/la-sorbonne\/location-espaces\/amphitheatre-liard\/\" target=\"_blank\" rel=\"noopener noreferrer\">Louis Liard<\/a>, 17, rue de la Sorbonne<\/span><span lang=\"FR\">, Paris 5\u00e8me<\/span><span style=\"color: #3366ff;\"><br \/>\n<\/span><\/p>\n<p><strong>13h30 \u00a0<\/strong><em>Accueil des participants<br \/>\n<\/em><strong>14h\u00a0\u00a0\u00a0\u00a0\u00a0 <\/strong><em>Salutations institutionnelles, Emmanuel CATTIN<br \/>\n<\/em><strong>14h10\u00a0 <\/strong><em>Ouverture et pr\u00e9sentation du colloque<\/em>, Paolo D\u2019IORIO, Alexandre AVRIL, David SIMONIN<\/p>\n<p><strong><em>PARTIE I\u00a0: Nietzsche et la France<br \/>\n<\/em><\/strong><strong><em>Une culture fran\u00e7aise<br \/>\n<\/em><\/strong>Mod\u00e9ration : David SIMONIN<strong><em><br \/>\n<\/em><\/strong><strong>14h30\u00a0 <\/strong><em>La vision de la France et de son histoire chez le jeune Nietzsche (1854-1868)<\/em>, Guillaume M\u00c9TAYER<br \/>\n<strong>15h10\u00a0 <\/strong><em>Nietzsche, Berlioz e la cosiddetta musica del futuro,<\/em>\u00a0Simone ZACCHINI<br \/>\n<strong>15h50\u00a0 <\/strong><em>Il faut m\u00e9diterraniser la musique : la France et la \u00ab Musik des S\u00fcdens \u00bb chez Nietzsche<\/em>, Fernando BARROS<\/p>\n<p>16h30\u00a0 Pause<\/p>\n<p>Mod\u00e9ration : Emmanuel SALANSKIS<strong><br \/>\n16h40 \u00a0<\/strong><em>Anatomie de la critique litt\u00e9raire fran\u00e7aise. \u00c9l\u00e9ments pour la g\u00e9n\u00e9alogie de la physiologie de l\u2019art<\/em>, Arnaud SOROSINA<br \/>\n<strong>17h20 \u00a0<\/strong><em>\u00ab sans soleil\u00a0\u00bb\u00a0: Nietzsche lecteur de Baudelaire<\/em>, Maria Jo\u00e3o BRANCO<br \/>\n<strong>18h \u00a0 \u00a0 \u00a0\u00a0<\/strong><em>La biblioth\u00e8que de Nietzsche\u00a0: \u00e9dition num\u00e9rique et commentaire philosophique<\/em>, Paolo D\u2019IORIO, Andreas Urs SOMMER<\/p>\n<hr \/>\n<p><span style=\"color: #3366ff;\"><strong>Jeudi 7 novembre\u00a0:<\/strong><br \/>\n<\/span><a href=\"https:\/\/www.paris-iea.fr\/fr\/l-institut\/l-hotel-de-lauzun\" target=\"_blank\" rel=\"noopener noreferrer\"><span lang=\"FR\" style=\"color: #3366ff;\">Insitut d\u2019\u00c9dudes Avanc\u00e9es<\/span><\/a><span lang=\"FR\">, <\/span><span lang=\"FR\">17 Quai d\u2019Anjou, Paris 4\u00e8me<\/span><\/p>\n<p>Mod\u00e9ration : Alexandre AVRIL<br \/>\n<strong>9h30\u00a0\u00a0 <\/strong><em>Nietzsche e il socialismo utopico<\/em>, Benedetta ZAVATTA<br \/>\n<strong>10h10 <\/strong><em>Charles F\u00e9r\u00e9 et F\u00e9dor Dosto\u00efevski, aux sources de l\u2019idiotie<\/em>, Yannick SOULADI\u00c9<br \/>\n<strong>10h50 <\/strong><em>Nietzsche, Bourget, Baudelaire. \u00c0 propos de la d\u00e9cadence et du nihilisme moderne<\/em>, Clademir ARALDI<\/p>\n<p>11h30\u00a0 Pause<\/p>\n<p>Mod\u00e9ration : Paolo D\u2019IORIO<br \/>\n<strong>11h50<\/strong>\u00a0<em>Le fonti francesi del nichilismo nietzscheano<\/em>, Giuliano CAMPIONI<\/p>\n<p>13h<strong>\u00a0\u00a0\u00a0\u00a0\u00a0 <\/strong>Pause<strong><em>\u00a0<\/em><\/strong><\/p>\n<p><strong><em>Une philosophie fran\u00e7aise<br \/>\n<\/em><\/strong>Mod\u00e9ration : Maria Cristina FORNARI<em><br \/>\n<\/em><strong>14h30 \u201c<\/strong><em>Der genialste Philologe aller Zeiten\u201d. <\/em><em>L&#8217;importance de Joseph Justus Scaliger pour la philologie philosophique de Nietzsche<\/em>, Eduardo NASSER<br \/>\n<strong>15h10\u00a0 <\/strong><em>Nietzsche tra Montaigne e Pascal<\/em>, Vivetta VIVARELLI<\/p>\n<p>15h50 \u00a0Pause<\/p>\n<p>Mod\u00e9ration : Scarlett MARTON<strong><br \/>\n<\/strong><strong>16h10 <\/strong><em>Nietzsche, lecteur de Descartes<\/em>, Isabelle WIENAND<br \/>\n<strong>16h50 <\/strong><em>Nietzsche, Descartes e a natureza do mental<\/em>, Andr\u00e9 Luis ITAPARICA<br \/>\n<strong>17h30 <\/strong><em>La psychologie et les critiques de la m\u00e9taphysique chez Th\u00e9odule Ribot et Nietzsche<\/em>, Wilson FREZZATTI<\/p>\n<hr \/>\n<p><span style=\"color: #3366ff;\"><strong>Vendredi 8 novembre\u00a0:<\/strong><br \/>\n<\/span><a href=\"http:\/\/www.ens.fr\" target=\"_blank\" rel=\"noopener noreferrer\"><span lang=\"FR\">\u00c9cole normale sup\u00e9rieure<\/span><\/a><span lang=\"FR\">, salle Dussane,\u00a0<\/span><span lang=\"FR\">45<\/span><span lang=\"FR\"> rue d\u2019Ulm, Paris 5\u00e8me,<\/span><\/p>\n<p><strong><em>Partie II\u00a0: La France et Nietzsche<br \/>\n<\/em><\/strong>Mod\u00e9ration : Maria Jo\u00e3o BRANCO<em><br \/>\n<\/em><strong>9h30 \u00a0 <\/strong><em>Nietzsche et ses premiers lecteurs fran\u00e7ais: entre biographie et r\u00e9ception<\/em>,\u00a0Laure VERBAERE<br \/>\n<strong>10h20 <\/strong><em>Apuntes sobre el \u201cNietzsche franc\u00e9s\u201d del Modernismo latinoamericano<\/em>, Sergio SANCHEZ<\/p>\n<p>11h \u00a0Pause<\/p>\n<p>Mod\u00e9ration : Inmaculada HOYOS SANCHEZ<strong><em><br \/>\n<\/em>11h20 \u00a0<\/strong><em>Bataille\u00a0: vouloir la chance, non la puissance<\/em><strong>, <\/strong>Bertrand BINOCHE<br \/>\n<strong>12h \u00a0 \u00a0 \u00a0\u00a0<\/strong><em>Camus y Nietzsche : la rebeld\u00eda tr\u00e1gica<\/em>, Jesus CONILL<\/p>\n<p>12h40<strong>\u00a0\u00a0<\/strong>Pause<\/p>\n<p>Mod\u00e9ration : Pietro GORI<strong><em><br \/>\n<\/em>14h30\u00a0<\/strong><em>L&#8217;interpretazione nietzscheana di Pierre Hadot<\/em>, Stefano BUSELLATO<br \/>\n<strong>15h10<\/strong><em>\u00a0 Nietzsche and philosophy as a way of life: Hadot&#8217;s reception of Nietzsche<\/em>, Marta FAUSTINO<br \/>\n<strong>15h50 \u00a0<\/strong><em>Nietzsche and the Emergence of Poststructuralism<\/em>, Alan SCHRIFT<\/p>\n<p>16h30 \u00a0Pause<\/p>\n<p>Mod\u00e9ration : Andreas Urs SOMMER<strong><em><br \/>\n<\/em>16h50 \u00a0<\/strong><em>The Practice of Truth. <\/em><em>Nietzsche and Foucault in Dialogue<\/em>, Pietro GORI<br \/>\n<strong>17h30<\/strong><em>\u00a0 \u00a0La r\u00e9ception de Nietzsche dans la philosophie du dernier Foucault : cours au Coll\u00e8ge de France 1984, Inmaculada HOYOS SANCHEZ<\/em><br \/>\n<strong>18h10 \u00a0\u00a0<\/strong><em>Sur un Foucault authentiquement nietzsch\u00e9en<\/em>, Emmanuel SALANSKIS<\/p>\n<hr \/>\n<p><span lang=\"FR\"><strong>21h30 &#8211; 22h30<\/strong>, \u00c9cole normale sup\u00e9rieure, salle des Actes, 45 rue d\u2019Ulm, Paris 5\u00e8me<br \/>\n<\/span><strong><span style=\"color: #3366ff;\">Le jeune Nietzsche: sons et lumi\u00e8res<\/span><br \/>\n<\/strong>Spectacle de Simone ZACCHINI et Melania MATTII, avec Alexandre AVRIL (r\u00e9citant), Stefano BUSELLATO (chant), Melania MATTII (mise en sc\u00e8ne), Simone ZACCHINI (piano).<\/p>\n<hr \/>\n<p><span style=\"color: #3366ff;\"><strong>Samedi 9 novembre\u00a0:<\/strong><br \/>\n<\/span><span lang=\"FR\" style=\"color: #3366ff;\">\u00c9cole normale sup\u00e9rieure<\/span><span lang=\"FR\">, salle Dussane,\u00a0<\/span><span lang=\"FR\">45<\/span><span lang=\"FR\"> rue d\u2019Ulm, Paris 5\u00e8me<\/span><\/p>\n<p>Mod\u00e9ration : Bertrand BINOCHE<em><br \/>\n<\/em><strong>9h30\u00a0\u00a0 <\/strong><em>Nietzsche avec Lacan<\/em><strong>, <\/strong>Luca LUPO<br \/>\n<strong>10h10 <\/strong><em>Les puissances du faux\u00a0: Nietzsche, Deleuze et le cin\u00e9ma<\/em>, Paolo STELLINO<br \/>\n<strong>10h50 <\/strong><em>Nietzsche, le philosophe des interpr\u00e8tes\u00a0: le cas Deleuze<\/em>, Scarlett MARTON<\/p>\n<p>11h30\u00a0 Pause<\/p>\n<p>Mod\u00e9ration : Paolo STELLINO<em><br \/>\n<\/em><strong>11h40\u00a0 <\/strong><em>L\u2019interpr\u00e9tation de G\u00e9rard Lebrun de la pens\u00e9e de Nietzsche\u00a0: \u00e0 propos d\u2019un chapitre de \u00ab\u00a0l\u2019id\u00e9ologie fran\u00e7aise\u00a0\u00bb<\/em>, Ivo DA SILVA<br \/>\n<strong>12h20\u00a0 <\/strong><em>Jacques Derrida et les Otobiographies de Nietzsche<\/em><strong>, <\/strong>Antonio Edmilson PASCHOAL<em><br \/>\n<\/em><strong>13h \u00a0\u00a0\u00a0\u00a0 <\/strong><em>Remerciements<\/em>, \u00e9quipe d\u2019organisation de la Biennale<\/p>\n<hr \/>\n<p>Entr\u00e9e libre pour tous dans la limite des places disponibles. <a href=\"https:\/\/www.paris-iea.fr\/fr\/evenements\/biennale-nietzscheana-nietzsche-et-la-france-la-france-et-nietzsche\" target=\"_blank\" rel=\"noopener noreferrer\"><strong>Inscription gratuite et obligatoire.<\/strong><\/a><\/p>\n<p>Organis\u00e9 par Paolo D&#8217;Iorio avec la collaboration d\u2019Alexandre Avril et David Simonin.<\/p>\n<p><a href=\"mailto:hyperBN2019@gmail.com?subject=Informations Biennale 2019\" rel=\"noopener\">Pour information \u00e9crire \u00e0 hyperBN2019@gmail.com<\/a><\/p>\n<hr \/>\n<p><img loading=\"lazy\" decoding=\"async\" class=\"alignnone wp-image-10089\" src=\"https:\/\/www.hypernietzsche.org\/wp-content\/uploads\/2019\/11\/affiche-Paris-212x300.jpeg\" alt=\"\" width=\"831\" height=\"1176\" srcset=\"https:\/\/www.hypernietzsche.org\/wp-content\/uploads\/2019\/11\/affiche-Paris-212x300.jpeg 212w, https:\/\/www.hypernietzsche.org\/wp-content\/uploads\/2019\/11\/affiche-Paris-768x1087.jpeg 768w, https:\/\/www.hypernietzsche.org\/wp-content\/uploads\/2019\/11\/affiche-Paris-724x1024.jpeg 724w, https:\/\/www.hypernietzsche.org\/wp-content\/uploads\/2019\/11\/affiche-Paris.jpeg 826w\" sizes=\"auto, (max-width: 831px) 85vw, 831px\" \/><\/p>\n","protected":false},"excerpt":{"rendered":"<p>Nietzsche et la France, la France et Nietzsche \u00c0 Paris, du 6 au 9 novembre 2019 Sorbonne Universit\u00e9, \u00c9cole normale sup\u00e9rieure, Institut d\u2019\u00c9tudes Avanc\u00e9es, Paris Entr\u00e9e libre pour tous dans la limite des places disponibles. Inscription gratuite et obligatoire. Programme et r\u00e9sum\u00e9s\u00a0\u2013 Affiche Mercredi 6 novembre\u00a0: Sorbonne Universit\u00e9, Amphith\u00e9\u00e2tre Louis Liard, 17, rue de la&#8230;<\/p>\n","protected":false},"author":4,"featured_media":0,"parent":0,"menu_order":0,"comment_status":"closed","ping_status":"closed","template":"","meta":{"_acf_changed":false,"footnotes":""},"class_list":["post-3492","page","type-page","status-publish","hentry"],"acf":[],"_links":{"self":[{"href":"https:\/\/www.hypernietzsche.org\/en\/wp-json\/wp\/v2\/pages\/3492","targetHints":{"allow":["GET"]}}],"collection":[{"href":"https:\/\/www.hypernietzsche.org\/en\/wp-json\/wp\/v2\/pages"}],"about":[{"href":"https:\/\/www.hypernietzsche.org\/en\/wp-json\/wp\/v2\/types\/page"}],"author":[{"embeddable":true,"href":"https:\/\/www.hypernietzsche.org\/en\/wp-json\/wp\/v2\/users\/4"}],"replies":[{"embeddable":true,"href":"https:\/\/www.hypernietzsche.org\/en\/wp-json\/wp\/v2\/comments?post=3492"}],"version-history":[{"count":68,"href":"https:\/\/www.hypernietzsche.org\/en\/wp-json\/wp\/v2\/pages\/3492\/revisions"}],"predecessor-version":[{"id":10130,"href":"https:\/\/www.hypernietzsche.org\/en\/wp-json\/wp\/v2\/pages\/3492\/revisions\/10130"}],"wp:attachment":[{"href":"https:\/\/www.hypernietzsche.org\/en\/wp-json\/wp\/v2\/media?parent=3492"}],"curies":[{"name":"wp","href":"https:\/\/api.w.org\/{rel}","templated":true}]}}