{"id":612,"date":"2017-11-12T16:23:50","date_gmt":"2017-11-12T15:23:50","guid":{"rendered":"http:\/\/hypernietzsche.org\/nietzsche-news\/"},"modified":"2018-06-25T12:35:47","modified_gmt":"2018-06-25T10:35:47","slug":"news","status":"publish","type":"page","link":"https:\/\/www.hypernietzsche.org\/de\/news\/","title":{"rendered":"Nietzsche News"},"content":{"rendered":"<p>Das\u00a0<a href=\"http:\/\/www.nietzsche-news.org\" target=\"_blank\" rel=\"noopener\">Nietzsche News Center<\/a> ist eine Website, die auf Nachrichten rund um aktuelle Entwicklungen in der weltweiten Nietzsche-Forschung spezialisiert ist \u2013 darunter Publikationen, Kolloquien, Konferenzen und Seminare \u2013, und ist offen f\u00fcr Beitr\u00e4ge aller Forscher. Nachrichten k\u00f6nnen in verschiedenen Sprachen eingereicht werden (Deutsch, Englisch, Franz\u00f6sisch, Italienisch, Portugiesisch oder\u00a0Spanisch) und werden vorbehaltlich einer \u00dcberarbeitung durch das Redaktionskomitee auf der Website publiziert. Seit dem Start im Januar 2007 wird die Website regelm\u00e4\u00dfig von diesem Redaktionskomitee mit Inhalt bef\u00fcllt. Letzteres besteht aus Paolo D&#8217;Iorio, Armin Schwehr, Yannick Souladi\u00e9 (ehemals Pietro Gori, Johan Grzelczyk, Mattia Riccardi, Paolo Stellino, Salvatore Viola) und mehreren anderen Forschern aus der ganzen Welt. Jeden Monat wird ein Newsletter mit einer Auswahl aus den ver\u00f6ffentlichten Nachrichten an die 800 Abonnenten des News Center gesendet..<\/p>\n<p><a href=\"http:\/\/www.nietzsche-news.org\" target=\"_blank\" rel=\"noopener\">www.nietzsche-news.org<\/a><\/p>\n","protected":false},"excerpt":{"rendered":"<p>Das\u00a0Nietzsche News Center ist eine Website, die auf Nachrichten rund um aktuelle Entwicklungen in der weltweiten Nietzsche-Forschung spezialisiert ist \u2013 darunter Publikationen, Kolloquien, Konferenzen und Seminare \u2013, und ist offen f\u00fcr Beitr\u00e4ge aller Forscher. Nachrichten k\u00f6nnen in verschiedenen Sprachen eingereicht werden (Deutsch, Englisch, Franz\u00f6sisch, Italienisch, Portugiesisch oder\u00a0Spanisch) und werden vorbehaltlich einer \u00dcberarbeitung durch das Redaktionskomitee&#8230;<\/p>\n","protected":false},"author":1,"featured_media":927,"parent":0,"menu_order":0,"comment_status":"closed","ping_status":"closed","template":"page-sidebar.php","meta":{"_acf_changed":false,"footnotes":""},"class_list":["post-612","page","type-page","status-publish","has-post-thumbnail","hentry"],"acf":[],"_links":{"self":[{"href":"https:\/\/www.hypernietzsche.org\/de\/wp-json\/wp\/v2\/pages\/612","targetHints":{"allow":["GET"]}}],"collection":[{"href":"https:\/\/www.hypernietzsche.org\/de\/wp-json\/wp\/v2\/pages"}],"about":[{"href":"https:\/\/www.hypernietzsche.org\/de\/wp-json\/wp\/v2\/types\/page"}],"author":[{"embeddable":true,"href":"https:\/\/www.hypernietzsche.org\/de\/wp-json\/wp\/v2\/users\/1"}],"replies":[{"embeddable":true,"href":"https:\/\/www.hypernietzsche.org\/de\/wp-json\/wp\/v2\/comments?post=612"}],"version-history":[{"count":6,"href":"https:\/\/www.hypernietzsche.org\/de\/wp-json\/wp\/v2\/pages\/612\/revisions"}],"predecessor-version":[{"id":2151,"href":"https:\/\/www.hypernietzsche.org\/de\/wp-json\/wp\/v2\/pages\/612\/revisions\/2151"}],"wp:featuredmedia":[{"embeddable":true,"href":"https:\/\/www.hypernietzsche.org\/de\/wp-json\/wp\/v2\/media\/927"}],"wp:attachment":[{"href":"https:\/\/www.hypernietzsche.org\/de\/wp-json\/wp\/v2\/media?parent=612"}],"curies":[{"name":"wp","href":"https:\/\/api.w.org\/{rel}","templated":true}]}}