{"id":590,"date":"2017-11-12T16:06:27","date_gmt":"2017-11-12T15:06:27","guid":{"rendered":"http:\/\/hypernietzsche.org\/?page_id=590"},"modified":"2018-07-25T12:41:11","modified_gmt":"2018-07-25T10:41:11","slug":"nietzsche-source","status":"publish","type":"page","link":"https:\/\/www.hypernietzsche.org\/de\/nietzsche-source\/","title":{"rendered":"Nietzsche Source"},"content":{"rendered":"<p>Nietzsche Source ist eine Website zur Ver\u00f6ffentlichung von Prim\u00e4r- und Sekund\u00e4rquellen, die mit Nietzsches Werk zusammenh\u00e4ngen bzw. sich darauf beziehen<\/p>\n<p>Derzeit gibt es zwei wissenschaftliche Ausgaben: die <a href=\"http:\/\/www.nietzschesource.org\/DFGA\/\" target=\"_blank\" rel=\"noopener\"><em>Digitale Faksimile Gesamtausgabe<\/em><\/a> (DFGA) in Zusammenarbeit mit der\u00a0<a href=\"http:\/\/www.klassik-stiftung.de\/forschung\/digitale-dokumente\/digitalisierte-bestaende\/nachlass-friedrich-nietzsche-dfga\/\" target=\"_blank\" rel=\"noopener\">Klassik Stiftung Weimar<\/a>, die aus Faksimile-Reproduktionen aller Nietzsche-Manuskripte besteht, und die <a href=\"http:\/\/www.nietzschesource.org\/eKGWB\/\" target=\"_blank\" rel=\"noopener\"><em>Digitale Kritische Gesamtausgabe Werke und Briefe<\/em><\/a> (eKGWB),\u00a0eine digitale Ausgabe von Nietzsches gesammelten Werken zusammen mit seiner Korrespondenz, basierend auf der Grundlage der von G. Colli und M. Montinari geschaffenen Textbasis. Nietzsche Source ver\u00f6ffentlicht auch eine mehrsprachige Fachzeitschrift mit dem Titel <a href=\"http:\/\/www.nietzschesource.org\/SN\" target=\"_blank\" rel=\"noopener\"><em>Studia Nietzscheana<\/em><\/a>.<\/p>\n<p>Nietzsche Source wird durchschnittlich 100.000mal im Jahr von Lesern aus \u00fcber 100 L\u00e4ndern der Welt konsultiert.<\/p>\n<p><a href=\"http:\/\/www.nietzschesource.org\/\" target=\"_blank\" rel=\"noopener\">www.nietzschesource.org<\/a><\/p>\n","protected":false},"excerpt":{"rendered":"<p>Nietzsche Source ist eine Website zur Ver\u00f6ffentlichung von Prim\u00e4r- und Sekund\u00e4rquellen, die mit Nietzsches Werk zusammenh\u00e4ngen bzw. sich darauf beziehen Derzeit gibt es zwei wissenschaftliche Ausgaben: die Digitale Faksimile Gesamtausgabe (DFGA) in Zusammenarbeit mit der\u00a0Klassik Stiftung Weimar, die aus Faksimile-Reproduktionen aller Nietzsche-Manuskripte besteht, und die Digitale Kritische Gesamtausgabe Werke und Briefe (eKGWB),\u00a0eine digitale Ausgabe von&#8230;<\/p>\n","protected":false},"author":1,"featured_media":907,"parent":0,"menu_order":0,"comment_status":"closed","ping_status":"closed","template":"page-sidebar.php","meta":{"_acf_changed":false,"footnotes":""},"class_list":["post-590","page","type-page","status-publish","has-post-thumbnail","hentry"],"acf":[],"_links":{"self":[{"href":"https:\/\/www.hypernietzsche.org\/de\/wp-json\/wp\/v2\/pages\/590","targetHints":{"allow":["GET"]}}],"collection":[{"href":"https:\/\/www.hypernietzsche.org\/de\/wp-json\/wp\/v2\/pages"}],"about":[{"href":"https:\/\/www.hypernietzsche.org\/de\/wp-json\/wp\/v2\/types\/page"}],"author":[{"embeddable":true,"href":"https:\/\/www.hypernietzsche.org\/de\/wp-json\/wp\/v2\/users\/1"}],"replies":[{"embeddable":true,"href":"https:\/\/www.hypernietzsche.org\/de\/wp-json\/wp\/v2\/comments?post=590"}],"version-history":[{"count":6,"href":"https:\/\/www.hypernietzsche.org\/de\/wp-json\/wp\/v2\/pages\/590\/revisions"}],"predecessor-version":[{"id":2611,"href":"https:\/\/www.hypernietzsche.org\/de\/wp-json\/wp\/v2\/pages\/590\/revisions\/2611"}],"wp:featuredmedia":[{"embeddable":true,"href":"https:\/\/www.hypernietzsche.org\/de\/wp-json\/wp\/v2\/media\/907"}],"wp:attachment":[{"href":"https:\/\/www.hypernietzsche.org\/de\/wp-json\/wp\/v2\/media?parent=590"}],"curies":[{"name":"wp","href":"https:\/\/api.w.org\/{rel}","templated":true}]}}