{"id":32,"date":"2017-03-24T15:53:01","date_gmt":"2017-03-24T14:53:01","guid":{"rendered":"http:\/\/hypernietzsche.org\/?page_id=32"},"modified":"2018-03-24T09:53:51","modified_gmt":"2018-03-24T08:53:51","slug":"home","status":"publish","type":"page","link":"https:\/\/www.hypernietzsche.org\/de\/","title":{"rendered":"HyperNietzsche"},"content":{"rendered":"<p>HyperNietzsche ist eine internationale Forschungsgruppe, die sich der Interpretation und Publikation der Arbeiten von Nietzsche widmet. HyperNietzsche ist als Forum f\u00fcr Begegnungen und Diskussionen zwischen Wissenschaftlern aus verschiedenen L\u00e4ndern und verschiedenen Denkschulen konzipiert und widmet sich insbesondere den folgenden drei Aktivit\u00e4ten.<\/p>\n<p>1) <strong>Ver\u00f6ffentlichung<\/strong>. HyperNietzsche f\u00f6rdert die Ver\u00f6ffentlichung und \u00dcbersetzung von Editionen von Nietzsches Werken und von Studien zu Nietzsche sowohl in gedruckter als auch in digitaler Form. Editionen und Studien in digitaler Form werden von <a href=\"http:\/\/hypernietzsche.org\/nietzsche-source\/\" target=\"_blank\" rel=\"noopener\">Nietzsche Source<\/a> herausgegeben, das derzeit zwei Editionen (die <a href=\"http:\/\/www.nietzschesource.org\/eKGWB\" target=\"_blank\" rel=\"noopener\">Standard-Kritische-Edition<\/a> und die <a href=\"http:\/\/www.nietzschesource.org\/DFGA\" target=\"_blank\" rel=\"noopener\">Faksimile-Edition<\/a> des Gesamtwerks) sowie die mehrsprachige internationale wissenschaftliche Zeitschrift <a href=\"http:\/\/www.nietzschesource.org\/SN\/\" target=\"_blank\" rel=\"noopener\">Studia Nietzscheana<\/a> umfasst.<\/p>\n<p>2) <strong>Information<\/strong>. HyperNietzsche will alle Informationen zum aktuellen Stand der Nietzsche-Forschung sammeln und verbreiten. Das gew\u00e4hlte Verbreitungsinstrument ist das <a href=\"http:\/\/www.nietzsche-news.org\/\" target=\"_blank\" rel=\"noopener\">Nietzsche News Center<\/a>, das regelm\u00e4\u00dfig und in verschiedenen Sprachen Ank\u00fcndigungen von Kongressen, Studientagen, Seminaren, Kursen, Konferenzen usw. ver\u00f6ffentlicht.<\/p>\n<p>3) <strong>Diskussion<\/strong>. HyperNietzsche organisiert regelm\u00e4\u00dfig Kongresse, Konferenzen, Studientage und forschungsbasierte Treffen und Begegnungen in den verschiedenen L\u00e4ndern, denen seine Mitglieder angeh\u00f6ren. Alle zwei Jahre wird auch ein internationaler Kongress organisiert: die <a href=\"http:\/\/hypernietzsche.org\/biennale\/\" target=\"_blank\" rel=\"noopener\">Biennale Nietzscheana<\/a>.<\/p>\n<p>Die Forschungsgruppe st\u00fctzt sich im rechtlichen Sinne auf die <em>Association HyperNietzsche<\/em>, einen gemeinn\u00fctzigen Verein nach franz\u00f6sischem Recht (Gesetz vom 1.7.1901), der im Jahr 2001 an der \u00c9cole normale sup\u00e9rieure in Paris gegr\u00fcndet wurde.<\/p>\n","protected":false},"excerpt":{"rendered":"<p>HyperNietzsche ist eine internationale Forschungsgruppe, die sich der Interpretation und Publikation der Arbeiten von Nietzsche widmet. HyperNietzsche ist als Forum f\u00fcr Begegnungen und Diskussionen zwischen Wissenschaftlern aus verschiedenen L\u00e4ndern und verschiedenen Denkschulen konzipiert und widmet sich insbesondere den folgenden drei Aktivit\u00e4ten. 1) Ver\u00f6ffentlichung. HyperNietzsche f\u00f6rdert die Ver\u00f6ffentlichung und \u00dcbersetzung von Editionen von Nietzsches Werken und&#8230;<\/p>\n","protected":false},"author":1,"featured_media":902,"parent":0,"menu_order":0,"comment_status":"open","ping_status":"open","template":"","meta":{"_acf_changed":false,"footnotes":""},"class_list":["post-32","page","type-page","status-publish","has-post-thumbnail","hentry"],"acf":[],"_links":{"self":[{"href":"https:\/\/www.hypernietzsche.org\/de\/wp-json\/wp\/v2\/pages\/32","targetHints":{"allow":["GET"]}}],"collection":[{"href":"https:\/\/www.hypernietzsche.org\/de\/wp-json\/wp\/v2\/pages"}],"about":[{"href":"https:\/\/www.hypernietzsche.org\/de\/wp-json\/wp\/v2\/types\/page"}],"author":[{"embeddable":true,"href":"https:\/\/www.hypernietzsche.org\/de\/wp-json\/wp\/v2\/users\/1"}],"replies":[{"embeddable":true,"href":"https:\/\/www.hypernietzsche.org\/de\/wp-json\/wp\/v2\/comments?post=32"}],"version-history":[{"count":13,"href":"https:\/\/www.hypernietzsche.org\/de\/wp-json\/wp\/v2\/pages\/32\/revisions"}],"predecessor-version":[{"id":2088,"href":"https:\/\/www.hypernietzsche.org\/de\/wp-json\/wp\/v2\/pages\/32\/revisions\/2088"}],"wp:featuredmedia":[{"embeddable":true,"href":"https:\/\/www.hypernietzsche.org\/de\/wp-json\/wp\/v2\/media\/902"}],"wp:attachment":[{"href":"https:\/\/www.hypernietzsche.org\/de\/wp-json\/wp\/v2\/media?parent=32"}],"curies":[{"name":"wp","href":"https:\/\/api.w.org\/{rel}","templated":true}]}}