{"id":2005,"date":"2017-11-09T22:46:18","date_gmt":"2017-11-09T21:46:18","guid":{"rendered":"https:\/\/www.hypernietzsche.org\/biennale-1\/"},"modified":"2022-12-04T10:06:26","modified_gmt":"2022-12-04T09:06:26","slug":"lisboa","status":"publish","type":"page","link":"https:\/\/www.hypernietzsche.org\/de\/lisboa\/","title":{"rendered":"Biennale Nietzscheana 2017"},"content":{"rendered":"<h2 style=\"text-align: center;\"><span style=\"color: #3366ff;\">Nietzsche e as artes<\/span><\/h2>\n<p style=\"text-align: center;\"><span style=\"color: #3366ff;\">15-17 novembro<br \/>\nFaculdade de Ci\u00eancias Sociais e Humanas, Funda\u00e7\u00e3o Jos\u00e9 Saramago, Lisboa<\/span><\/p>\n<h5><span style=\"color: #3366ff;\">15 NOVEMBRO 2017, Faculdade de Ci\u00eancias Sociais e Humanas-UNL<\/span><\/h5>\n<p>10h-10h40: <em>Abertura<\/em>, Paolo D\u2019Iorio, Maria Jo\u00e3o Branco, Jo\u00e3o Const\u00e2ncio, Maria Cristina Fornari.<br \/>\n10h40-11h40: Robert Pippin (Chicago), <em>Nietzsche\u2019s Masks: Philosophy and Religion in Beyond Good and Evil<\/em><\/p>\n<p>11h40-12h: pausa<\/p>\n<p><strong>1. M\u00fasica, Literatura, Pintura<\/strong><\/p>\n<p>12h-13h. Modera\u00e7\u00e3o: Maria Cristina Fornari<br \/>\nMaria Jo\u00e3o Mayer Branco (Lisboa), <em>Nietzsche e o esp\u00edrito tr\u00e1gico da m\u00fasica<br \/>\n<\/em>Jo\u00e3o Const\u00e2ncio (Lisboa), <em>Nietzsche e Arist\u00f3fanes<\/em><\/p>\n<p><em>13h-14h30: almo\u00e7o na FCSH<\/em><\/p>\n<p>14h30-16h30. Modera\u00e7\u00e3o: Jo\u00e3o Const\u00e2ncio<br \/>\nPaolo D\u2019Iorio (Paris), <em>L\u2019arte dell\u2019avvenire<br \/>\n<\/em>Maria Cristina Fornari (Lecce), <em>\u00abPongo Michelangelo pi\u00f9 in alto di Raffaello\u00bb. Nietzsche e l\u2019arte figurativa italiana<br \/>\n<\/em>Andr\u00e9 Lu\u00eds Mota Itaparica (Bahia), <em>A imagem de Rafael na paisagem nietzschiana<br \/>\n<\/em>Diego Sanchez Meca (Madrid), <em>El juicio de Nietzsche sobre &#8222;Trist\u00e1n e Isolda&#8220; de Wagner<\/em><\/p>\n<p><em>16h30-17h: pausa<\/em><\/p>\n<p>17h-19h. Modera\u00e7\u00e3o: Paolo D\u2019Iorio<br \/>\nStefano Busellato (Universidade do Oeste do Paran\u00e1), <em>Zarathustra contra Parsifal<br \/>\n<\/em>Carlo Gentili (Bologna),<em> Poetry, Divination and Lie. On the Origin of Poetry in Friedrich Nietzsche<br \/>\n<\/em>Benedetta Zavatta (Paris), <em>Nietzsche e l\u2019arte della satira<br \/>\n<\/em>Scarlett Marton (S\u00e3o Paulo),<em> Mulheres que escrevem livros s\u00e3o perigosas. Nietzsche e a literatura francesa<\/em><\/p>\n<p>21h. Modera\u00e7\u00e3o: Maria Jo\u00e3o Mayer Branco<br \/>\nIvo da Silva Jr. (S\u00e3o Paulo), <em>Nietzsche no cinema: a recep\u00e7\u00e3o da filosofia nietzschiana em filmes de J\u00falio Bressane<\/em> seguido da projec\u00e7\u00e3o do filme <em>Dias de Nietzsche em Turim <\/em>(2001), do realizador J\u00falio Bressane<\/p>\n<h5><span style=\"color: #3366ff;\">16 NOVEMBRO 2017, Funda\u00e7\u00e3o Jos\u00e9 Saramago \u2013 Casa dos Bicos<\/span><\/h5>\n<p><strong>2. Arte e verdade<\/strong><\/p>\n<p>9h30-11h30,\u00a0Modera\u00e7\u00e3o: Carlotta Santini<br \/>\nRog\u00e9rio Lopes (Belo Horizonte), <em>Um equil\u00edbrio sempre inst\u00e1vel: a rela\u00e7\u00e3o entre impulsos est\u00e9ticos e cognitivos em Nietzsche<br \/>\n<\/em>Eduardo Nasser (S\u00e3o Paulo), <em>Sub specie aeterni, sub specie saeculi: arte e a luta contra o tempo no jovem Nietzsche<br \/>\n<\/em>Paolo Stellino (Lisboa), <em>\u201cThe whole tragic Prometheia of all those who know\u201d: Nietzsche\u2019s Aesthetic Projectivism<br \/>\n<\/em>Pietro Gori (Lisboa), <em>\u201cUn pragmatisme artistique\u201d. On R. Berthelot\u2019s Interpretation of Nietzsche&#8217;s Perspectivism<\/em><\/p>\n<p><em>\u00a0<\/em><em>11h30-12h: pausa<\/em><\/p>\n<p><strong>3. Arte e fisiologia<\/strong><\/p>\n<p>12h-13h.Modera\u00e7\u00e3o: Luca Lupo<br \/>\nWilson Antonio Frezzatti Jr. (Paran\u00e1), <em>A fisiopsicologia de Nietzsche e a literatura do s\u00e9culo XIX<br \/>\n<\/em>Maria Filomena Molder (Lisboa),<em> \u201cArte \u00e9 ascetismo? Coisas secretas, algumas, inquietantes\u201d<\/em><\/p>\n<p>13h-14h30: almo\u00e7o no <a href=\"https:\/\/www.mygon.com\/pt\/loja\/7440\/restaurante-gaucha\" target=\"_blank\" rel=\"noopener noreferrer\">Restaurante Ga\u00facha<\/a><\/p>\n<p><strong>4. Arte e vida<\/strong><\/p>\n<p>14h30-16h30.\u00a0Modera\u00e7\u00e3o: Pietro Gori<br \/>\nJes\u00fas Conill (Valencia), <em>El arte de la vida, la vida como obra de arte<br \/>\n<\/em>Robert Krause (Friburg), <em>Die Kunst der Mu\u00dfe in Nietzsches Menschliches Allzumenschliches<br \/>\n<\/em>Manfred Posani Loewenstein Werthe (Montr\u00e9al), <em>Arte e telegrafo<br \/>\n<\/em>Andrea Orsucci (Cagliari), <em>Nietzsche, D\u00fchring e il radicalismo letterario intorno al 1890<\/em><\/p>\n<p>16h30-17h: pausa<\/p>\n<p>17h-19h.\u00a0Modera\u00e7\u00e3o: Paolo Stellino<br \/>\nLuca Lupo (Cosenza),<em> \u201cBilancia estetica\u201d e \u201cbilancia morale\u201d nel Nachla\u00df del 1881<br \/>\n<\/em>Remedios \u00c1vila Crespo (Granada),<em> \u201cT\u00fa has hecho del peligro tu profesi\u00f3n\u201d: Incipit tragoedia<br \/>\n<\/em>Vivetta Vivarelli (Firenze), <em>Lo scultore del superuomo nello Zarathustra<br \/>\n<\/em>Katharina Gr\u00e4tz (Freiburg), <em>Poetische Innovation oder Anachronismus? Stil und Sprache von Nietzsches \u201aAlso sprach Zarathustra\u2019<\/em><\/p>\n<p>19h30: Jantar no Restaurante Ga\u00facha<\/p>\n<p>21h: Comemora\u00e7\u00e3o do anivers\u00e1rio do nascimento de Jos\u00e9 Saramago (Funda\u00e7\u00e3o Jos\u00e9 Saramago \u2014 Casa dos Bicos, programa a anunciar)<\/p>\n<h5><span style=\"color: #3366ff;\">17 NOVEMBRO 2017, Funda\u00e7\u00e3o Jos\u00e9 Saramago \u2013 Casa dos Bicos<\/span><\/h5>\n<p><strong>5. Recep\u00e7\u00e3o de Nietzsche nas artes<\/strong><\/p>\n<p>Modera\u00e7\u00e3o: Marta Faustino<br \/>\n9h-11h Sebastian Kaufmann (Freiburg), <em>Nietzsche-Portr\u00e4ts in der deutschsprachigen Lyrik des fr\u00fchen 20. Jahrhunderts<br \/>\n<\/em>Claus Zittel (Stuttgart), <em>Die Rezeption Nietzsches in expressionistischen Zeitschriften<br \/>\n<\/em>Carlotta Santini (Berlin), <em>Lo spirito dionisiaco e la sofferenza. Aby Warburg lettore di Nietzsche<\/em><\/p>\n<p>11h-11h30: pausa<\/p>\n<p>11h30-13h.\u00a0Modera\u00e7\u00e3o: Bartholomew Ryan<br \/>\nMarta Faustino (Lisboa), <em>Nietzsche e o Surrealismo: O Caso de Dal\u00ed<br \/>\n<\/em>Renate M\u00fcller-Buck (T\u00fcbingen),<em> &#8222;Das war die einzig richtige Philosophie&#8220;. Zu Otto Dix&#8216; Nietzsche-Rezeption<br \/>\n<\/em>Sandra Yvonne Freregger (Wien),<em> Nietzsche und Stefan Zweig \u2013 zwei Vordenker des vereinten Europa?<\/em><\/p>\n<p>13h-14h30: almo\u00e7o no <a href=\"https:\/\/www.mygon.com\/pt\/loja\/7440\/restaurante-gaucha\" target=\"_blank\" rel=\"noopener noreferrer\">Restaurante Ga\u00facha<\/a><\/p>\n<p>14h30-16.\u00a0Modera\u00e7\u00e3o: Maria Jo\u00e3o Mayer Branco<br \/>\nBartholomew Ryan (Lisboa), <em>Hyperborean, Zerothruster, Palha\u00e7o Tr\u00e1gico: o vel\u00f3rio de Nietzsche em James Joyce<br \/>\n<\/em>Manuel Barrios (Sevilla), <em>Nietzsche y Dada, o c\u00f3mo re\u00edrse de la cosa en s\u00ed<\/em><\/p>\n<p><em> \u00a0<a href=\"https:\/\/www.hypernietzsche.org\/wp-content\/uploads\/2019\/10\/Biennale-Lisboa.pdf\" target=\"_blank\" rel=\"noopener noreferrer\">Folheto do programa em formato pdf<\/a><\/em><\/p>\n","protected":false},"excerpt":{"rendered":"<p>Nietzsche e as artes 15-17 novembro Faculdade de Ci\u00eancias Sociais e Humanas, Funda\u00e7\u00e3o Jos\u00e9 Saramago, Lisboa 15 NOVEMBRO 2017, Faculdade de Ci\u00eancias Sociais e Humanas-UNL 10h-10h40: Abertura, Paolo D\u2019Iorio, Maria Jo\u00e3o Branco, Jo\u00e3o Const\u00e2ncio, Maria Cristina Fornari. 10h40-11h40: Robert Pippin (Chicago), Nietzsche\u2019s Masks: Philosophy and Religion in Beyond Good and Evil 11h40-12h: pausa 1. M\u00fasica,&#8230;<\/p>\n","protected":false},"author":1,"featured_media":0,"parent":0,"menu_order":0,"comment_status":"closed","ping_status":"closed","template":"","meta":{"_acf_changed":false,"footnotes":""},"class_list":["post-2005","page","type-page","status-publish","hentry"],"acf":[],"_links":{"self":[{"href":"https:\/\/www.hypernietzsche.org\/de\/wp-json\/wp\/v2\/pages\/2005","targetHints":{"allow":["GET"]}}],"collection":[{"href":"https:\/\/www.hypernietzsche.org\/de\/wp-json\/wp\/v2\/pages"}],"about":[{"href":"https:\/\/www.hypernietzsche.org\/de\/wp-json\/wp\/v2\/types\/page"}],"author":[{"embeddable":true,"href":"https:\/\/www.hypernietzsche.org\/de\/wp-json\/wp\/v2\/users\/1"}],"replies":[{"embeddable":true,"href":"https:\/\/www.hypernietzsche.org\/de\/wp-json\/wp\/v2\/comments?post=2005"}],"version-history":[{"count":5,"href":"https:\/\/www.hypernietzsche.org\/de\/wp-json\/wp\/v2\/pages\/2005\/revisions"}],"predecessor-version":[{"id":10010,"href":"https:\/\/www.hypernietzsche.org\/de\/wp-json\/wp\/v2\/pages\/2005\/revisions\/10010"}],"wp:attachment":[{"href":"https:\/\/www.hypernietzsche.org\/de\/wp-json\/wp\/v2\/media?parent=2005"}],"curies":[{"name":"wp","href":"https:\/\/api.w.org\/{rel}","templated":true}]}}